{"id":197,"date":"2020-04-06T11:12:17","date_gmt":"2020-04-06T09:12:17","guid":{"rendered":"http:\/\/zeudmcl.cluster030.hosting.ovh.net\/prod\/?page_id=197"},"modified":"2023-07-06T15:12:00","modified_gmt":"2023-07-06T13:12:00","slug":"mentions-legales","status":"publish","type":"page","link":"http:\/\/zeudmcl.cluster030.hosting.ovh.net\/prod\/mentions-legales\/","title":{"rendered":"Mentions l\u00e9gales"},"content":{"rendered":"\n<p><strong>Application <\/strong><strong>\u00abeBREF\u00bb du Centre Hospitalier Le Vinatier<\/strong><\/p>\n\n\n\n<p>En&nbsp;vertu des&nbsp;dispositions de&nbsp;l\u2019article 6 de&nbsp;la&nbsp;loi n\u00b0 2004\u2013575 du&nbsp;21 juin 2004 pour la&nbsp;confiance dans l\u2019\u00e9conomie num\u00e9rique, il&nbsp;est&nbsp;pr\u00e9cis\u00e9 l\u2019identit\u00e9 des&nbsp;diff\u00e9rents intervenants dans le&nbsp;cadre de&nbsp;la&nbsp;r\u00e9alisation et&nbsp;du suivi de l\u2019Application \u00ab eBREF \u00bb aux utilisateurs, comme suit&nbsp;:<\/p>\n\n\n\n<p>Le&nbsp;propri\u00e9taire de l\u2019Application \u00ab eBREF&nbsp;\u00bb est&nbsp;une personne morale&nbsp;:<\/p>\n\n\n\n<p>Centre Hospitalier Le Vinatier<\/p>\n\n\n\n<p><strong>Directeur de&nbsp;la&nbsp;publication&nbsp;:&nbsp;<\/strong>Dr Romain REY<\/p>\n\n\n\n<p><strong>Webmaster\u00a0:\u00a0\u00a0<\/strong>M. Antoine POINET<\/p>\n\n\n\n<p><strong>L\u2019\u00e9diteur de l\u2019Application \u00ab&nbsp;eBREF\u00bb&nbsp;:<\/strong> Interlude Sant\u00e9, 3 route de Lyon, 69530 Brignais<\/p>\n\n\n\n<p><a href=\"http:\/\/www.interludesante.com\">http:\/\/www.interludesante.com<\/a><\/p>\n\n\n\n<p><strong>Protection des&nbsp;donn\u00e9es personnelles<\/strong><\/p>\n\n\n\n<p>En&nbsp;France, les&nbsp;donn\u00e9es personnelles sont notamment prot\u00e9g\u00e9es par la&nbsp;loi n\u00b0 78\u201387 du&nbsp;6 janvier 1978 modifi\u00e9e, la&nbsp;loi n\u00b0 2004\u2013801 du&nbsp;6 ao\u00fbt 2004, l\u2019article L. 226\u201313 du&nbsp;Code p\u00e9nal et&nbsp;le&nbsp;R\u00e8glement g\u00e9n\u00e9ral Europ\u00e9en sur la&nbsp;Protection des&nbsp;donn\u00e9es personnelles (\u00ab&nbsp;RGPD&nbsp;\u00bb) du&nbsp;27 avril 2016 applicable \u00e0&nbsp;compter du&nbsp;25 mai 2018.<\/p>\n\n\n\n<p> <\/p>\n\n\n\n<p><strong>Droit d\u2019auteur &amp; copyright<\/strong><\/p>\n\n\n\n<p>L\u2019ensemble de l\u2019Application \u00ab&nbsp;eBREF \u00bb et&nbsp;chacun de&nbsp;ses \u00e9l\u00e9ments pris s\u00e9par\u00e9ment rel\u00e8vent de&nbsp;la&nbsp;l\u00e9gislation fran\u00e7aise et&nbsp;internationale sur le&nbsp;droit d\u2019auteur et&nbsp;plus largement de&nbsp;la&nbsp;propri\u00e9t\u00e9 intellectuelle (incluant notamment la&nbsp;protection au&nbsp;titre du&nbsp;droit d\u2019auteur, du&nbsp;droit des&nbsp;marques, du&nbsp;droit des&nbsp;bases de&nbsp;donn\u00e9es, etc.).<\/p>\n\n\n\n<p>Tous les&nbsp;droits de&nbsp;reproduction, de&nbsp;repr\u00e9sentation et&nbsp;de communication publique sont r\u00e9serv\u00e9s, y compris pour les&nbsp;documents t\u00e9l\u00e9chargeables et&nbsp;repr\u00e9sentations visuelles, audiovisuelles, photographiques, iconographies ou&nbsp;autres.<\/p>\n\n\n\n<p>La&nbsp;reproduction de&nbsp;tout ou&nbsp;partie de&nbsp;cette Application sur un&nbsp;support \u00e9lectronique, quel qu\u2019il soit, est&nbsp;formellement interdite sauf autorisation expresse du&nbsp;directeur de&nbsp;la&nbsp;publication. Seule la&nbsp;reproduction papier est&nbsp;autoris\u00e9e sous condition d\u2019une utilisation \u00e0&nbsp;des&nbsp;fins strictement personnelles, du&nbsp;respect de&nbsp;l\u2019int\u00e9grit\u00e9 des&nbsp;documents reproduits, ou&nbsp;en&nbsp;courte citation avec mention claire et&nbsp;lisible de&nbsp;la&nbsp;source, par exemple sous la&nbsp;forme suivante \u00ab&nbsp;Source&nbsp;: eBREF tous droits r\u00e9serv\u00e9s.&nbsp;\u00bb<\/p>\n\n\n\n<p>Toute autre utilisation est&nbsp;soumise \u00e0&nbsp;l\u2019accord pr\u00e9alable et&nbsp;expr\u00e8s du <strong>Centre Hospitalier Le Vinatier<\/strong>.<\/p>\n\n\n\n<p> <\/p>\n\n\n\n<p><strong>Informations scientifiques et&nbsp;m\u00e9dicales<\/strong><\/p>\n\n\n\n<p>Les&nbsp;informations figurant sur l\u2019Application \u00ab&nbsp;eBREF&nbsp;\u00bb sont destin\u00e9es \u00e0&nbsp;am\u00e9liorer, non \u00e0&nbsp;remplacer, la&nbsp;relation qui existe entre l\u2019aidant (ou utilisateur de l\u2019Application) et&nbsp;son m\u00e9decin (ou son \u00e9quipe m\u00e9dicale de r\u00e9f\u00e9rence) et&nbsp;ne peuvent donc en&nbsp;aucun cas tenir lieu d\u2019avis m\u00e9dical. Elles n\u2019ont notamment pas valeur de&nbsp;diagnostic, ni de&nbsp;pronostic ni d\u2019avis th\u00e9rapeutique qui rel\u00e8vent exclusivement du&nbsp;colloque singulier entre un&nbsp;m\u00e9decin et&nbsp;son patient.<\/p>\n\n\n\n<p>Le Centre Hospitalier Le Vinatier ne saurait \u00eatre tenu pour responsable de&nbsp;tout pr\u00e9judice, direct ou&nbsp;indirect, de&nbsp;quelque nature que ce soit, r\u00e9sultant de&nbsp;l\u2019utilisation, m\u00eame partielle des&nbsp;informations disponibles sur son application.<\/p>\n\n\n\n<p><strong>Mission<\/strong><\/p>\n\n\n\n<p>Notre Application \u00ab&nbsp;eBREF \u00bb a&nbsp;pour fonction de vous permettre \u00e0 trouver de l\u2019information et vous aider \u00e0 accompagner votre proche pr\u00e9sentant un trouble psychiatrique. Obtenir de l\u2019information fiable, trouver des solutions \u00e0 ses probl\u00e9matiques, d\u00e9couvrir des outils pour mieux communiquer, g\u00e9rer son stress, s\u2019\u00e9valuer. Ebref vous permet aussi trouver de l\u2019aide au plus pr\u00e8s de chez vous pour votre proche et vous.<\/p>\n\n\n\n<p>Cette application est construite en parall\u00e8le d\u2019un programme de psycho\u00e9ducation \u00e0 destination des aidants du Centre Hospitalier Le Vinatier et de l\u2019association UNAFAM.<\/p>\n\n\n\n<p>Elle est destin\u00e9e aux personnes dont un proches pr\u00e9sente un trouble psychiatrique, aux professionnels de sant\u00e9 et aux b\u00e9n\u00e9voles d\u2019associations.<\/p>\n\n\n\n<p><strong>Publicit\u00e9<\/strong><\/p>\n\n\n\n<p>Notre Application n\u2019accueille aucune forme de&nbsp;publicit\u00e9.<\/p>\n\n\n\n<p><strong>Avertissement<\/strong><\/p>\n\n\n\n<p>Les&nbsp;documents que nous diffusons en&nbsp;version \u00e9lectronique sur l\u2019Application \u00ab&nbsp;eBREF \u00bb font l\u2019objet de&nbsp;nombreuses relectures&nbsp;; ils peuvent toutefois contenir des&nbsp;erreurs. Si vous en&nbsp;constatez n\u2019h\u00e9sitez pas \u00e0&nbsp;nous le&nbsp;faire savoir&nbsp;en nous contactant \u00e0 takeabrefasso@gmail.com<\/p>\n\n\n\n<p>Les&nbsp;textes diffus\u00e9s peuvent, par ailleurs, avoir fait, entre le&nbsp;moment o\u00f9&nbsp;vous les&nbsp;avez t\u00e9l\u00e9charg\u00e9s et&nbsp;celui o\u00f9&nbsp;vous en&nbsp;prenez connaissance, l\u2019objet de&nbsp;mises \u00e0&nbsp;jour.<br>Nous ne garantissons par suite en&nbsp;aucune mani\u00e8re que ces&nbsp;informations sont exactes, compl\u00e8tes et&nbsp;\u00e0 jour.<\/p>\n\n\n\n<p>Le Centre Hospitalier Le Vinatier ne saurait \u00eatre tenu responsable d\u2019\u00e9ventuels dommages directs ou&nbsp;indirects pouvant d\u00e9couler de&nbsp;votre acc\u00e8s ou&nbsp;utilisation de&nbsp;ce site, ou&nbsp;d\u2019un dommage ou&nbsp;virus qui pourrait affecter votre smartphone ou&nbsp;autre mat\u00e9riel informatique.<\/p>\n\n\n\n<p><strong>Cr\u00e9dits<\/strong><\/p>\n\n\n\n<p><strong>Conception et&nbsp;r\u00e9alisation&nbsp;:&nbsp;Interlude Sant\u00e9<\/strong>&nbsp;<\/p>\n\n\n\n<p><strong>Cr\u00e9dits photos&nbsp;: <\/strong><strong>Association Take@Bref<\/strong><br><\/p>\n","protected":false},"excerpt":{"rendered":"<p>Application \u00abeBREF\u00bb du Centre Hospitalier Le Vinatier En&nbsp;vertu des&nbsp;dispositions de&nbsp;l\u2019article 6 de&nbsp;la&nbsp;loi n\u00b0 2004\u2013575 du&nbsp;21 juin 2004 pour la&nbsp;confiance dans l\u2019\u00e9conomie num\u00e9rique, il&nbsp;est&nbsp;pr\u00e9cis\u00e9 l\u2019identit\u00e9 des&nbsp;diff\u00e9rents intervenants dans le&nbsp;cadre de&nbsp;la&nbsp;r\u00e9alisation et&nbsp;du suivi de l\u2019Application \u00ab eBREF \u00bb aux utilisateurs, comme suit&nbsp;: Le&nbsp;propri\u00e9taire de l\u2019Application \u00ab eBREF&nbsp;\u00bb est&nbsp;une personne morale&nbsp;: Centre Hospitalier Le Vinatier Directeur de&nbsp;la&nbsp;publication&nbsp;:&nbsp;Dr Romain [&hellip;]<\/p>\n","protected":false},"author":1,"featured_media":0,"parent":0,"menu_order":0,"comment_status":"closed","ping_status":"closed","template":"","meta":{"inline_featured_image":false},"acf":[],"_links":{"self":[{"href":"http:\/\/zeudmcl.cluster030.hosting.ovh.net\/prod\/wp-json\/wp\/v2\/pages\/197"}],"collection":[{"href":"http:\/\/zeudmcl.cluster030.hosting.ovh.net\/prod\/wp-json\/wp\/v2\/pages"}],"about":[{"href":"http:\/\/zeudmcl.cluster030.hosting.ovh.net\/prod\/wp-json\/wp\/v2\/types\/page"}],"author":[{"embeddable":true,"href":"http:\/\/zeudmcl.cluster030.hosting.ovh.net\/prod\/wp-json\/wp\/v2\/users\/1"}],"replies":[{"embeddable":true,"href":"http:\/\/zeudmcl.cluster030.hosting.ovh.net\/prod\/wp-json\/wp\/v2\/comments?post=197"}],"version-history":[{"count":4,"href":"http:\/\/zeudmcl.cluster030.hosting.ovh.net\/prod\/wp-json\/wp\/v2\/pages\/197\/revisions"}],"predecessor-version":[{"id":757,"href":"http:\/\/zeudmcl.cluster030.hosting.ovh.net\/prod\/wp-json\/wp\/v2\/pages\/197\/revisions\/757"}],"wp:attachment":[{"href":"http:\/\/zeudmcl.cluster030.hosting.ovh.net\/prod\/wp-json\/wp\/v2\/media?parent=197"}],"curies":[{"name":"wp","href":"https:\/\/api.w.org\/{rel}","templated":true}]}}